{"id":78,"date":"2017-12-12T11:24:21","date_gmt":"2017-12-12T15:24:21","guid":{"rendered":"http:\/\/ayuntamiento.guineo\/transparencia\/?page_id=78"},"modified":"2022-02-09T11:31:04","modified_gmt":"2022-02-09T15:31:04","slug":"definicion-oaim-oficina-de-acceso-a-la-informacion-municipal","status":"publish","type":"page","link":"https:\/\/ayuntamientolomadecabrera.gob.do\/transparencia\/definicion-oaim-oficina-de-acceso-a-la-informacion-municipal\/","title":{"rendered":"Definici\u00f3n OAIM (Oficina de Acceso a la Informaci\u00f3n Municipal)"},"content":{"rendered":"<p class=\"paragraph ng-attr-widget\">La Ley No. 200-04 de Libre Acceso a la Informaci\u00f3n Publica, establece como un deber del Estado\u00a8 brindar la Informaci\u00f3n que esta ley establece con car\u00e1cter obligatorio y de disponibilidad y actualizaci\u00f3n permanente y las informaciones que fueran requeridas en forma especial por los interesados.<\/p>\n<p class=\"paragraph ng-attr-widget\"><strong>LA MISION<\/strong> de la oficina de Libre Acceso a la Informaci\u00f3n es de permitir a la ciudadan\u00eda el ejercicio de su derecho de acceso a la informaci\u00f3n, manteniendo los valores de honestidad, integridad, probidad y eficacia.<\/p>\n<p class=\"paragraph ng-attr-widget\"><strong>SU VISION<\/strong> es servir de apoyo al ejercicio de una administraci\u00f3n publica mas eficiente y plausible, de manera que el ciudadano pueda conocer y evaluar las actividades por la instituci\u00f3n.<\/p>\n","protected":false},"excerpt":{"rendered":"La Ley No. 200-04 de Libre Acceso a la Informaci\u00f3n Publica, establece como un deber del Estado\u00a8 brindar la Informaci\u00f3n que esta ley establece con car\u00e1cter obligatorio y de disponibilidad y actualizaci\u00f3n permanente y las informaciones que fueran requeridas en forma especial por los interesados. LA MISION de la oficina de Libre Acceso a la&#8230;","protected":false},"author":5,"featured_media":0,"parent":0,"menu_order":0,"comment_status":"closed","ping_status":"closed","template":"","meta":[],"_links":{"self":[{"href":"https:\/\/ayuntamientolomadecabrera.gob.do\/transparencia\/wp-json\/wp\/v2\/pages\/78"}],"collection":[{"href":"https:\/\/ayuntamientolomadecabrera.gob.do\/transparencia\/wp-json\/wp\/v2\/pages"}],"about":[{"href":"https:\/\/ayuntamientolomadecabrera.gob.do\/transparencia\/wp-json\/wp\/v2\/types\/page"}],"author":[{"embeddable":true,"href":"https:\/\/ayuntamientolomadecabrera.gob.do\/transparencia\/wp-json\/wp\/v2\/users\/5"}],"replies":[{"embeddable":true,"href":"https:\/\/ayuntamientolomadecabrera.gob.do\/transparencia\/wp-json\/wp\/v2\/comments?post=78"}],"version-history":[{"count":6,"href":"https:\/\/ayuntamientolomadecabrera.gob.do\/transparencia\/wp-json\/wp\/v2\/pages\/78\/revisions"}],"predecessor-version":[{"id":550,"href":"https:\/\/ayuntamientolomadecabrera.gob.do\/transparencia\/wp-json\/wp\/v2\/pages\/78\/revisions\/550"}],"wp:attachment":[{"href":"https:\/\/ayuntamientolomadecabrera.gob.do\/transparencia\/wp-json\/wp\/v2\/media?parent=78"}],"curies":[{"name":"wp","href":"https:\/\/api.w.org\/{rel}","templated":true}]}}